{"id":43,"date":"2025-01-27T22:40:44","date_gmt":"2025-01-27T22:40:44","guid":{"rendered":"https:\/\/bmgarcia.com\/site\/home\/"},"modified":"2025-04-21T16:27:31","modified_gmt":"2025-04-21T16:27:31","slug":"inicio","status":"publish","type":"page","link":"https:\/\/bmgarcia.com\/site\/","title":{"rendered":"INICIO"},"content":{"rendered":"\n\n\n\n<span style=\"color:#ffffff;\">cada proyecto es <span style=\"\"><\/span>una oportunidad para<\/span><br>\n<h2>contar una historia \u00fanica<br><\/h2>\n<h3><span style=\"color:#ffffff;\">con im\u00e1genes que<\/span> <br><\/h3>\n<span style=\"color:#ffffff;\">reflejan lo que escuchas<\/span><br>\n\n\n\n\n\n\n<strong>lo que hacemos<br><\/strong>\n\n<h5 style=\"text-align: center;\">\n<\/h5><h3 style=\"text-align: center;\">Trabajamos junto a m\u00fasicos y bandas que buscan diferenciarse con contenido visual potente.<\/h3>\n<h3 style=\"text-align: center;\">Creamos obras audiovisuales que proyectan su presencia art\u00edstica y esencia.<\/h3>\n\n\n\n<p>Lorem Ipsum has been the industry&#8217;s standard dummy text ever since the 1500s.<\/p>\nconciertos y<br>\naftertmovies\n<blockquote style=\"text-align: center;\">Cobertura de conciertos en directo, capturando la energ\u00eda y el ambiente del espect\u00e1culo en fotograf\u00eda y v\u00eddeo.<br>Creamos\n Aftermovies dise\u00f1ados para captar lo m\u00e1s destacado de festivales y \nconciertos, enfoc\u00e1ndose en la narrativa visual y el ritmo. <br><\/blockquote>\n\n<p>Lorem Ipsum has been the industry&#8217;s standard dummy text ever since the 1500s.<\/p>\n\n\nvideoclips\nmusicales\n<blockquote style=\"text-align: center;\">Creaci\u00f3n de videoclips musicales que reflejan la identidad del artista y\n la esencia de la canci\u00f3n. El resultado es un producto visual de alta \ncalidad, que transmite de manera efectiva la energ\u00eda de la m\u00fasica al \np\u00fablico.<\/blockquote>\n\n<p>Lorem Ipsum has been the industry&#8217;s standard dummy text ever since the 1500s.<\/p>\nfotograf\u00eda de<br>\nbandas y portadas<br>\n<blockquote style=\"text-align: center;\">Sesiones fotogr\u00e1ficas profesionales para bandas, capturando su estilo, \nimagen y energ\u00eda. Captamos fotograf\u00edas aut\u00e9nticas que \nrepresentan la identidad de la banda de forma clara para \nsu uso en medios o portadas.<\/blockquote>\n\n\n\n\n\n<span style=\"color:#000000;\">festivales<\/span>\n<blockquote style=\"text-align: center;\">&nbsp;<br><\/blockquote>\n<blockquote style=\"text-align: center;\">Estamos especializados en la fotograf\u00eda y v\u00eddeo de festivales, nuestro equipo registra la \nenerg\u00eda de la multitud, los artistas y el ambiente de cada uno de los escenario. Las im\u00e1genes resultantes son perfectas para promocionar futuras \nediciones y documentar la esencia del evento.<\/blockquote>\n\n\n\n<p style=\"text-align: left; padding-left: 30px; text-transform: uppercase;\"><span style=\"font-size: 30px; color: rgb(255, 255, 255); text-align: left;\">Wedding<\/span><\/p>\n<p style=\"text-align: left;\"><span style=\"color: rgb(255, 255, 255); text-transform: uppercase; font-size: 35px; padding-left: 30px;\">Photography<\/span><\/p>\n\n\n\n\n\n\n\nportfolio destacado<br>\n\n<h3 style=\"text-align: center;\">Una selecci\u00f3n de proyectos que muestran c\u00f3mo convertir la m\u00fasica en una experiencia audiovisual con impacto!<\/h3>\n\n\n\n\n\n\n\n\n\n\n\n\n\n\n\n\n\n\n\n\n\n\n\n\n\n\n\n\n<span style=\"color:#ffffff;\">Testimonios<\/span>\n\n\n<p style=\"color: rgb(255, 255, 255);\">Trabajar con Bruno es un acierto. Planifica cada rodaje al detalle, propone localizaciones y cuida cada plano seg\u00fan las necesidades del proyecto. Escucha, asesora y se involucra en todo el proceso. En postproducci\u00f3n, no se da por satisfecho hasta entregar justo lo que buscamos. No es solo un freelance: es como contar con un equipo completo.<\/p>\n<div><span style=\"color:#ffffff;\">Maravilloso profesional y sobre todo maravillosa persona.<\/span><\/div><div><span style=\"color:#ffffff;\">Te permite plasmar a la perfecci\u00f3n todas tus ideas combinada con su experiencia.<\/span><\/div>\n<blockquote><span style=\"color: rgb(255, 255, 255);\"><blockquote><strong>Siempre es un placer contar con Bruno para nuestras necesidades audiovisuales.<\/strong><\/blockquote><blockquote><strong>Muy creativo, con buen gusto, trabajador, buen trato, ninguna queja. En nuestra experiencia siempre ha superado expectativas.<\/strong><\/blockquote><\/span><div><\/div><\/blockquote>\n\n\n\n","protected":false},"excerpt":{"rendered":"","protected":false},"author":1,"featured_media":0,"parent":0,"menu_order":0,"comment_status":"closed","ping_status":"closed","template":"","meta":{"_siteseo_robots_primary_cat":"","pagelayer_contact_templates":[],"_pagelayer_content":"","footnotes":""},"class_list":["post-43","page","type-page","status-publish","hentry"],"_links":{"self":[{"href":"https:\/\/bmgarcia.com\/site\/wp-json\/wp\/v2\/pages\/43","targetHints":{"allow":["GET"]}}],"collection":[{"href":"https:\/\/bmgarcia.com\/site\/wp-json\/wp\/v2\/pages"}],"about":[{"href":"https:\/\/bmgarcia.com\/site\/wp-json\/wp\/v2\/types\/page"}],"author":[{"embeddable":true,"href":"https:\/\/bmgarcia.com\/site\/wp-json\/wp\/v2\/users\/1"}],"replies":[{"embeddable":true,"href":"https:\/\/bmgarcia.com\/site\/wp-json\/wp\/v2\/comments?post=43"}],"version-history":[{"count":36,"href":"https:\/\/bmgarcia.com\/site\/wp-json\/wp\/v2\/pages\/43\/revisions"}],"predecessor-version":[{"id":156,"href":"https:\/\/bmgarcia.com\/site\/wp-json\/wp\/v2\/pages\/43\/revisions\/156"}],"wp:attachment":[{"href":"https:\/\/bmgarcia.com\/site\/wp-json\/wp\/v2\/media?parent=43"}],"curies":[{"name":"wp","href":"https:\/\/api.w.org\/{rel}","templated":true}]}}